{"id":2107,"date":"2017-09-27T10:32:35","date_gmt":"2017-09-27T10:32:35","guid":{"rendered":"http:\/\/wp.pixiefy.com\/?page_id=2107"},"modified":"2020-06-10T21:46:30","modified_gmt":"2020-06-10T21:46:30","slug":"nosotros","status":"publish","type":"page","link":"https:\/\/soporteria.com\/index.php\/nosotros\/","title":{"rendered":"Nosotros"},"content":{"rendered":"<p>[vc_row full_width=&#8221;stretch_row&#8221; css=&#8221;.vc_custom_1559759414898{background-color: #f3f3f3 !important;}&#8221;][vc_column width=&#8221;1\/3&#8243;][vc_single_image image=&#8221;3280&#8243; img_size=&#8221;full&#8221;][\/vc_column][vc_column width=&#8221;1\/3&#8243;]\t\t\t<div class=\"neer_heading_title neer_heading_title_69d5e867ed068\">\n\t\t\t\t\t\t\t<span style=\"color: #333333;\">LA BASE DE<\/span>\n\t\t\t\n\t\t\t<h2 style=\"font-size: 22px;color: #333333;\">NUESTRO \u00c9XITO<\/h2>\n\t\t<\/div>\n\t\t\t\t<style>\n\t\t\t.neer_heading_title_69d5e867ed068 h2:after{\n\t\t\t\tcontent: \"\";\n\t\t\t\theight: 1px;\n\t\t\t\twidth: 84px;\n\t\t\t\tdisplay: block;\n\t\t\t\tmargin-top: 10px;\n\t\t\t}\n\t\t<\/style>\n\t\n\t[vc_column_text]SOPORTEK es una empresa metal\u00fargica l\u00edder en la fabricaci\u00f3n e innovaci\u00f3n en sistemas de Soporter\u00eda y Canalizaci\u00f3n.<\/p>\n<p>Construimos el poder de nuestra marca, haciendo la vida m\u00e1s f\u00e1cil de nuestros clientes, entregando productos de alta calidad, a trav\u00e9s de un servicio \u00e1gil y amigable en todo momento y en todo lugar.[\/vc_column_text][\/vc_column][vc_column width=&#8221;1\/3&#8243;][vc_single_image image=&#8221;3283&#8243; img_size=&#8221;full&#8221;][\/vc_column][\/vc_row][vc_row full_width=&#8221;stretch_row&#8221; css=&#8221;.vc_custom_1590707922875{background-color: #f3f3f3 !important;}&#8221;][vc_column width=&#8221;1\/3&#8243;][vc_single_image image=&#8221;3381&#8243; img_size=&#8221;full&#8221;][vc_column_text]<\/p>\n<h5><strong>Y seguimos contando<\/strong><\/h5>\n<p>Buscamos ser la marca preferida en M\u00e9xico y referente en el \u00e1mbito de la soporter\u00eda y canalizaci\u00f3n siendo reconocidos por nuestra alta calidad y excelencia operativa[\/vc_column_text][\/vc_column][vc_column width=&#8221;1\/3&#8243;][vc_single_image image=&#8221;3386&#8243; img_size=&#8221;full&#8221;][\/vc_column][vc_column width=&#8221;1\/3&#8243; css=&#8221;.vc_custom_1590707938657{margin-left: 20% !important;}&#8221;]\t\t\t<div class=\"neer_heading_title neer_heading_title_69d5e867ed082\">\n\t\t\t\t\t\t\t<span style=\"color: #333333;\">NUESTROS<\/span>\n\t\t\t\n\t\t\t<h2 style=\"font-size: 22px;color: #333333;\">VALORES<\/h2>\n\t\t<\/div>\n\t\t\t\t<style>\n\t\t\t.neer_heading_title_69d5e867ed082 h2:after{\n\t\t\t\tcontent: \"\";\n\t\t\t\theight: 1px;\n\t\t\t\twidth: 84px;\n\t\t\t\tdisplay: block;\n\t\t\t\tmargin-top: 10px;\n\t\t\t}\n\t\t<\/style>\n\t\n\t[vc_column_text]<\/p>\n<ul>\n<li>\u00c9tica<\/li>\n<li>Integridad<\/li>\n<li>Liderazgo<\/li>\n<li>Calidad<\/li>\n<li>Pasi\u00f3n<\/li>\n<\/ul>\n<p>[\/vc_column_text][\/vc_column][\/vc_row][vc_row full_width=&#8221;stretch_row&#8221; css=&#8221;.vc_custom_1550518840716{background-color: #2d2d2d !important;}&#8221;][vc_column width=&#8221;1\/4&#8243;][vc_single_image image=&#8221;3291&#8243;][\/vc_column][vc_column width=&#8221;3\/4&#8243;]\t\t<div class=\"neer_funbox_header\">\n\t\t\t<h2 style=\"color: #ffffff\">Nuestra filosof\u00eda se basa en hacer siempre las cosas bien, a la primera, a tiempo y siempre.<\/h2>\n\t\t<\/div>\n\t[\/vc_column][\/vc_row][vc_row full_width=&#8221;stretch_row&#8221; neer_alignment_text=&#8221;right&#8221; neer_background_position_x_axis=&#8221;left&#8221; neer_background_position_y_axis=&#8221;bottom&#8221; css=&#8221;.vc_custom_1591823865404{padding-top: 100px !important;background-image: url(https:\/\/soporteria.com\/wp-content\/uploads\/2020\/06\/shutterstock_40327108023.jpg?id=3411) !important;background-position: center !important;background-repeat: no-repeat !important;background-size: cover !important;}&#8221;][vc_column css=&#8221;.vc_custom_1591824348635{margin-top: -10% !important;}&#8221;]\t\t<div class=\"neer_section_header neer_section_header_dark\">\n\t\t\t\t\t\t<div class=\"neer_section_data\">\n\t\t\t\t\t\t\t\t\t<h2>LO QUE NOS HACE UNICOS<\/h2>\n\t\t\t\t\n\t\t\t\t\t\t\t<\/div>\n\t\t<\/div>\n      [vc_row_inner equal_height=&#8221;yes&#8221; content_placement=&#8221;top&#8221; css=&#8221;.vc_custom_1591823970945{margin-top: 10% !important;}&#8221;][vc_column_inner width=&#8221;1\/2&#8243; css=&#8221;.vc_custom_1591824408517{margin-top: -10% !important;}&#8221;]\n\t<div class=\"   neer_main_service_section\">\n\n\t\t\n\t\t\t\t\t<div class=\"neer_service\">\n\t\t\t\t\t\t\t\t\t<div class=\"neer_service_thumb\">\n\t\t\t\t\t\t<img src=\"https:\/\/soporteria.com\/wp-content\/uploads\/2019\/02\/icono-09.png\" alt=\"Service Thumb\" class=\"img-responsive\">\n\t\t\t\t\t<\/div>\n\t\t\t\t\n\t\t\t\t<div class=\"neer_service_content\">\n\t\t\t\t\t<h2>MEJOR SERVICIO<\/h2>\n\t\t\t\t\t<p>Teniendo un gran equipo de trabajo y excelente capital humano, nos esforzamos diariamente para brindar a nuestros clientes, un excelente servicio en tiempo y forma.<\/p>\n\t\t\t\t<\/div>\n\t\t\t<\/div>\n\n\t\t\t\t\t\t<\/div>\n\t[\/vc_column_inner][vc_column_inner width=&#8221;1\/2&#8243; css=&#8221;.vc_custom_1591824415739{margin-top: -10% !important;}&#8221;]\n\t<div class=\"   neer_main_service_section\">\n\n\t\t\n\t\t\t\t\t<div class=\"neer_service\">\n\t\t\t\t\t\t\t\t\t<div class=\"neer_service_thumb\">\n\t\t\t\t\t\t<img src=\"https:\/\/soporteria.com\/wp-content\/uploads\/2019\/02\/icono-03.png\" alt=\"Service Thumb\" class=\"img-responsive\">\n\t\t\t\t\t<\/div>\n\t\t\t\t\n\t\t\t\t<div class=\"neer_service_content\">\n\t\t\t\t\t<h2>NUESTROS PRODUCTOS<\/h2>\n\t\t\t\t\t<p>Debido a nuestra amplia gama de productos, gran existencia en nuestros diferentes CEDIS y alta tecnolog\u00eda en nuestros procesos de\u00a0 fabricaci\u00f3n, nos ayuda a ser para el cliente, su mejor opci\u00f3n en SOPORTER\u00cdA Y CANALIZACI\u00d3N.<\/p>\n\t\t\t\t<\/div>\n\t\t\t<\/div>\n\n\t\t\t\t\t\t<\/div>\n\t[\/vc_column_inner][\/vc_row_inner][vc_row_inner equal_height=&#8221;yes&#8221; content_placement=&#8221;top&#8221;][vc_column_inner width=&#8221;1\/2&#8243;]\n\t<div class=\"   neer_main_service_section\">\n\n\t\t\n\t\t\t\t\t<div class=\"neer_service\">\n\t\t\t\t\t\t\t\t\t<div class=\"neer_service_thumb\">\n\t\t\t\t\t\t<img src=\"https:\/\/soporteria.com\/wp-content\/uploads\/2019\/02\/icono-07.png\" alt=\"Service Thumb\" class=\"img-responsive\">\n\t\t\t\t\t<\/div>\n\t\t\t\t\n\t\t\t\t<div class=\"neer_service_content\">\n\t\t\t\t\t<h2>ALIANZAS COMERCIALES<\/h2>\n\t\t\t\t\t<p>Nos esforzamos en crear y mantener relaciones prosperas y a largo plazo con nuestros clientes y proveedores estableciendo v\u00ednculos de integridad, compromiso y \u00e9tica.<\/p>\n\t\t\t\t<\/div>\n\t\t\t<\/div>\n\n\t\t\t\t\t\t<\/div>\n\t[\/vc_column_inner][vc_column_inner width=&#8221;1\/2&#8243;]\n\t<div class=\"   neer_main_service_section\">\n\n\t\t\n\t\t\t\t\t<div class=\"neer_service\">\n\t\t\t\t\t\t\t\t\t<div class=\"neer_service_thumb\">\n\t\t\t\t\t\t<img src=\"https:\/\/soporteria.com\/wp-content\/uploads\/2019\/02\/icono-08.png\" alt=\"Service Thumb\" class=\"img-responsive\">\n\t\t\t\t\t<\/div>\n\t\t\t\t\n\t\t\t\t<div class=\"neer_service_content\">\n\t\t\t\t\t<h2>\u00c9TICO MORAL<\/h2>\n\t\t\t\t\t<p>Comprometidos con nuestra sociedad, medio ambiente y todo nuestro equipo de colaboradores, nuestros valores son parte esencial en todas las actividades que realizamos diariamente con el fin de cumplir nuestra pol\u00edtica de calidad.<\/p>\n\t\t\t\t<\/div>\n\t\t\t<\/div>\n\n\t\t\t\t\t\t<\/div>\n\t[\/vc_column_inner][\/vc_row_inner][\/vc_column][\/vc_row]<\/p>\n","protected":false},"excerpt":{"rendered":"<p>[vc_row full_width=&#8221;stretch_row&#8221; css=&#8221;.vc_custom_1559759414898{background-color: #f3f3f3 !important;}&#8221;][vc_column width=&#8221;1\/3&#8243;][vc_single_image image=&#8221;3280&#8243; img_size=&#8221;full&#8221;][\/vc_column][vc_column width=&#8221;1\/3&#8243;][vc_column_text]SOPORTEK es una empresa metal\u00fargica l\u00edder en la fabricaci\u00f3n e innovaci\u00f3n en sistemas de Soporter\u00eda y Canalizaci\u00f3n. Construimos el poder de nuestra marca, haciendo la vida m\u00e1s f\u00e1cil de nuestros clientes, entregando productos de alta calidad, a trav\u00e9s de un servicio \u00e1gil y amigable en todo momento [&hellip;]<\/p>\n","protected":false},"author":2,"featured_media":3279,"parent":0,"menu_order":32,"comment_status":"closed","ping_status":"closed","template":"","meta":{"footnotes":""},"_links":{"self":[{"href":"https:\/\/soporteria.com\/index.php\/wp-json\/wp\/v2\/pages\/2107"}],"collection":[{"href":"https:\/\/soporteria.com\/index.php\/wp-json\/wp\/v2\/pages"}],"about":[{"href":"https:\/\/soporteria.com\/index.php\/wp-json\/wp\/v2\/types\/page"}],"author":[{"embeddable":true,"href":"https:\/\/soporteria.com\/index.php\/wp-json\/wp\/v2\/users\/2"}],"replies":[{"embeddable":true,"href":"https:\/\/soporteria.com\/index.php\/wp-json\/wp\/v2\/comments?post=2107"}],"version-history":[{"count":21,"href":"https:\/\/soporteria.com\/index.php\/wp-json\/wp\/v2\/pages\/2107\/revisions"}],"predecessor-version":[{"id":3307,"href":"https:\/\/soporteria.com\/index.php\/wp-json\/wp\/v2\/pages\/2107\/revisions\/3307"}],"wp:featuredmedia":[{"embeddable":true,"href":"https:\/\/soporteria.com\/index.php\/wp-json\/wp\/v2\/media\/3279"}],"wp:attachment":[{"href":"https:\/\/soporteria.com\/index.php\/wp-json\/wp\/v2\/media?parent=2107"}],"curies":[{"name":"wp","href":"https:\/\/api.w.org\/{rel}","templated":true}]}}